{"id":19084,"date":"2025-06-12T18:24:05","date_gmt":"2025-06-12T16:24:05","guid":{"rendered":"https:\/\/ledragonnier.com\/?post_type=product&#038;p=19084"},"modified":"2026-03-26T10:23:15","modified_gmt":"2026-03-26T09:23:15","slug":"feranak-le-couteau-doffice","status":"publish","type":"product","link":"https:\/\/ledragonnier.com\/index.php\/produit\/feranak-le-couteau-doffice\/","title":{"rendered":"Feranak"},"content":{"rendered":"<h3 style=\"font-family: 'Immortal', 'Playfair Display', serif; color: #faa307; font-size: clamp(1.8rem, 3vw, 2.4rem); margin: 0px 0px 15px; font-weight: 400; letter-spacing: 1.5px;\">Le couteau d\u2019office<\/h3>\n<p>Taill\u00e9 pour la pr\u00e9cision, Feranak est la lame du geste juste. Sa prise en main directe et son \u00e9quilibre millim\u00e9tr\u00e9 en font un outil redoutable en cuisine, fid\u00e8le au tranchant sec et rapide. Sa forme, compacte mais affirm\u00e9e, \u00e9voque la rigueur d\u2019un \u00e9clat de m\u00e9tal forg\u00e9 pour servir.<\/p>\n","protected":false},"excerpt":{"rendered":"<p>Le couteau d\u2019office Taill\u00e9 pour la pr\u00e9cision, Feranak est la lame du geste juste. Sa prise en main directe et son \u00e9quilibre millim\u00e9tr\u00e9 en font un outil redoutable en cuisine, fid\u00e8le au tranchant sec et rapide. Sa forme, compacte mais affirm\u00e9e, \u00e9voque la rigueur d\u2019un \u00e9clat de m\u00e9tal forg\u00e9 pour servir.<\/p>\n","protected":false},"featured_media":21179,"template":"","meta":[],"product_brand":[],"product_cat":[227],"product_tag":[],"class_list":{"0":"post-19084","1":"product","2":"type-product","3":"status-publish","4":"has-post-thumbnail","6":"product_cat-boutique","8":"first","9":"instock","10":"purchasable","11":"product-type-variable","12":"has-default-attributes"},"_links":{"self":[{"href":"https:\/\/ledragonnier.com\/index.php\/wp-json\/wp\/v2\/product\/19084","targetHints":{"allow":["GET"]}}],"collection":[{"href":"https:\/\/ledragonnier.com\/index.php\/wp-json\/wp\/v2\/product"}],"about":[{"href":"https:\/\/ledragonnier.com\/index.php\/wp-json\/wp\/v2\/types\/product"}],"wp:featuredmedia":[{"embeddable":true,"href":"https:\/\/ledragonnier.com\/index.php\/wp-json\/wp\/v2\/media\/21179"}],"wp:attachment":[{"href":"https:\/\/ledragonnier.com\/index.php\/wp-json\/wp\/v2\/media?parent=19084"}],"wp:term":[{"taxonomy":"product_brand","embeddable":true,"href":"https:\/\/ledragonnier.com\/index.php\/wp-json\/wp\/v2\/product_brand?post=19084"},{"taxonomy":"product_cat","embeddable":true,"href":"https:\/\/ledragonnier.com\/index.php\/wp-json\/wp\/v2\/product_cat?post=19084"},{"taxonomy":"product_tag","embeddable":true,"href":"https:\/\/ledragonnier.com\/index.php\/wp-json\/wp\/v2\/product_tag?post=19084"}],"curies":[{"name":"wp","href":"https:\/\/api.w.org\/{rel}","templated":true}]}}